{"id":2,"date":"2023-05-24T12:48:38","date_gmt":"2023-05-24T12:48:38","guid":{"rendered":"https:\/\/nezsaiotemplom.hu\/?page_id=2"},"modified":"2025-04-25T16:54:06","modified_gmt":"2025-04-25T16:54:06","slug":"sample-page","status":"publish","type":"page","link":"https:\/\/nezsaiotemplom.hu\/index.php\/sample-page\/","title":{"rendered":"Bek\u00f6sz\u00f6nt\u0151"},"content":{"rendered":"<!-- Google Tag Manager -->\n<script>(function(w,d,s,l,i){w[l]=w[l]||[];w[l].push({'gtm.start':\nnew Date().getTime(),event:'gtm.js'});var f=d.getElementsByTagName(s)[0],\nj=d.createElement(s),dl=l!='dataLayer'?'&l='+l:'';j.async=true;j.src=\n'https:\/\/www.googletagmanager.com\/gtm.js?id='+i+dl;f.parentNode.insertBefore(j,f);\n})(window,document,'script','dataLayer','GTM-PW2ZGML3');<\/script>\n<!-- End Google Tag Manager -->\n\n\n<p>\u00dcdv!<\/p>\n\n\n\n<p>Ez itt a n\u00e9zsai templomrom-kutat\u00e1s eredm\u00e9nyeinek, esem\u00e9nyeinek gy\u0171jt\u0151oldala. 2022. m\u00e1jus 16-\u00e1n talajradaroz\u00e1ssal m\u00e9rt\u00e9k f\u00f6l az egykori n\u00e9zsai templom, m\u00e1ra a f\u00f6ld alatt szunnyad\u00f3 romjait, ez az oldal hivatott t\u00e1j\u00e9koztatni arr\u00f3l, milyen eredm\u00e9nyekkel is z\u00e1rult a kutat\u00e1s, \u00e9s mi lesz e templomrom j\u00f6v\u0151je&#8230;<\/p>\n\n\n\n<p>(Ez a bemutatkoz\u00e1s egy\u00fattal <a href=\"https:\/\/nezsaiotemplom.hu\/index.php\/kik-vagyunk-mi-nezsaiak-2\/\" target=\"_blank\" rel=\"noreferrer noopener\">N\u00e9zsa<\/a>, \u00e9s a n\u00e9zsai \u00f3templom t\u00f6rt\u00e9nete, ennek ment\u00e9n igyeksz\u00fcnk seg\u00edteni a honlap tematik\u00e1j\u00e1n val\u00f3 eligazod\u00e1sban)<\/p>\n\n\n\n<p>De akkor honnan is kezdj\u00fcnk egy t\u00f6rt\u00e9netet, amelynek messze nem most van a v\u00e9ge, mik\u00f6zben az elej\u00e9r\u0151l meg szinte semmit nem lehet tudni? M\u00e9g az sem eg\u00e9szen biztos, hogy ez a t\u00f6rt\u00e9net N\u00e9zs\u00e1n j\u00e1tsz\u00f3dik, legal\u00e1bbis a maiban, legyen most el\u00e9g annyi, hogy egy domb tetej\u00e9n, egy temet\u0151 kell\u0151s k\u00f6zep\u00e9ben j\u00e1runk. <a href=\"https:\/\/nezsaiotemplom.hu\/index.php\/2022\/06\/22\/az-elso-talajradarozas-2022-majus-16-an\/\" target=\"_blank\" rel=\"noreferrer noopener\">Ide \u00e9rkezett ugyanis 2022 m\u00e1jus\u00e1ban a Nemzeti M\u00fazeum szakembereinek csapata<\/a>, akik egy k\u00fcl\u00f6nleges, roncsol\u00e1smentes technol\u00f3gi\u00e1val felt\u00e9rk\u00e9pezt\u00e9k a f\u00f6ld alatt pihen\u0151 \u00f3templom egykori alaprajz\u00e1t. \u00c9s mivel N\u00e9zsa vend\u00e9gszeretete ez\u00fattal sem vallott sz\u00e9gyent, <a href=\"https:\/\/nezsaiotemplom.hu\/index.php\/2022\/06\/14\/a-masodik-talajradarozas-2022-junius-13-an\/\" target=\"_blank\" rel=\"noreferrer noopener\">m\u00e9gegyszer visszat\u00e9rtek, j\u00faniusban<\/a>, mert a temet\u0151 lank\u00e1i egy m\u00e1sik \u00e9p\u00fcletet is rejtenek, amelyr\u0151l egyel\u0151re m\u00e9g kevesebbet tudunk, de amely egy titkos adu\u00e1sz lehet, ha egyszer eljutunk od\u00e1ig, hogy egy \u00e1sat\u00e1s megval\u00f3suljon. A l\u00e9nyeg, hogy munk\u00e1juk eredm\u00e9nyek\u00e9nt <a href=\"https:\/\/nezsaiotemplom.hu\/index.php\/2023\/09\/04\/kutatasi-jelentes-a-nezsai-temeto-teruleten-vegzettregeszeti-geofizikai-felmeresekrol\/\" target=\"_blank\" rel=\"noreferrer noopener\">megsz\u00fcletett az a kutat\u00e1si jelent\u00e9s<\/a>, amely megalapozhatja egy \u00e1sat\u00e1s indokl\u00e1s\u00e1t. (<a href=\"https:\/\/nezsaiotemplom.hu\/index.php\/2023\/09\/15\/szakmazzunk-nagy-laszlo-eloadasanak-elso-resze-a-nezsai-otemplom-roncsolasmentes-kutatasanak-modszererol\/\" target=\"_blank\" rel=\"noreferrer noopener\">A roncsol\u00e1smentes kutat\u00e1s szakmai r\u00e9sz\u00e9r\u0151l itt lehet b\u0151vebben olvasni<\/a>, m\u00edg, aki k\u00e9peket akar n\u00e9zegetni a kutatott ter\u00fcletr\u0151l, az <a href=\"https:\/\/nezsaiotemplom.hu\/index.php\/2023\/09\/15\/a-nezsai-otemplom-roncsolasmentes-kutatasa-talajradarozasi-eredmenyek-400-mhz\/\" target=\"_blank\" rel=\"noreferrer noopener\">itt<\/a>, <a href=\"https:\/\/nezsaiotemplom.hu\/index.php\/2023\/09\/15\/a-nezsai-otemplom-roncsolasmentes-kutatasa-talajradarozasi-eredmenyek-800-mhz\/\" target=\"_blank\" rel=\"noreferrer noopener\">itt<\/a>, <a href=\"https:\/\/nezsaiotemplom.hu\/index.php\/2023\/09\/15\/a-nezsai-otemplom-roncsolasmentes-kutatasa-a-masodik-bizonytalan-rendeltetesu-epulet-talajradarozasi-eredmenyei-400-mhz\/\" target=\"_blank\" rel=\"noreferrer noopener\">itt <\/a>\u00e9s <a href=\"https:\/\/nezsaiotemplom.hu\/index.php\/2023\/09\/15\/a-nezsai-otemplom-roncsolasmentes-kutatasa-a-masodik-bizonytalan-rendeltetesu-epulet-talajradarozasi-eredmenyei-800-mhz\/\" target=\"_blank\" rel=\"noreferrer noopener\">itt <\/a>teheti meg.)<\/p>\n\n\n\n<p>Mindenesetre itt l\u00e9pett a sz\u00ednre a t\u00f6rt\u00e9net k\u00e9t f\u0151szerepl\u0151je. A n\u00e9zsai \u00f3templom, \u00e9s titokzatos partnere, ut\u00f3bbi ugyanis lehet ak\u00e1r kegy\u00fari sz\u00e1ll\u00e1shely, vagy \u00e9ppens\u00e9ggel monostor, hiszen a t\u00f6rt\u00e9neti forr\u00e1sok t\u00f6bbsz\u00f6r is utalnak erre (ez lehet a titkos adu\u00e1sz). De val\u00f3j\u00e1ban r\u00f3luk m\u00e9gis szinte alig tudunk valamit. Ami biztos, hogy N\u00e9zsa a honfoglal\u00e1s kora egyik csal\u00e1dj\u00e1nak birtoka volt, a <a href=\"https:\/\/nezsaiotemplom.hu\/index.php\/category\/forrasok\/\" target=\"_blank\" rel=\"noreferrer noopener\">forr\u00e1sok<\/a> viszont igen hi\u00e1nyosak a k\u00f6zs\u00e9g t\u00f6rt\u00e9net\u00e9t illet\u0151en, ugyanakkor igyeksz\u00fcnk minden forr\u00e1s \u00f6sszegy\u0171jteni.<\/p>\n\n\n\n<p><a href=\"https:\/\/nezsaiotemplom.hu\/index.php\/2023\/09\/04\/amit-bednar-tudott-a-nezsai-otemplomrol\/\" target=\"_blank\" rel=\"noreferrer noopener\">Az egyik ilyen fontos forr\u00e1s \u00e9ppen Bedn\u00e1r J\u00f3zsef\u00e9<\/a>, akit\u0151l k\u00fcl\u00f6nben tudjuk, hogy modern korunkhoz k\u00f6zeledve is eg\u00e9sz sok\u00e1ig tartotta mag\u00e1t a templomrom, \u00edgy felismerhet\u0151ek voltak p\u00e9ld\u00e1ul egyes fresk\u00f3r\u00e9szletek is a templomtorz\u00f3n, t\u00f6bbek k\u00f6zt az <a href=\"https:\/\/nezsaiotemplom.hu\/index.php\/category\/okos-szuzek-balga-szuzek\/\" target=\"_blank\" rel=\"noreferrer noopener\">okos \u00e9s balga sz\u00fczek k\u00e9pei<\/a> a szent\u00e9lyt a haj\u00f3t\u00f3l elv\u00e1laszt\u00f3 \u201ediadal\u00edv\u201d bels\u0151 oldal\u00e1n. <a href=\"https:\/\/nezsaiotemplom.hu\/index.php\/2023\/02\/26\/megkerdeztuk-es-szakalos-eva-muveszettortenesz-szerint-is-van-ertelme-elindulni-a-felvidekre-interju\/\" target=\"_blank\" rel=\"noreferrer noopener\">Van is n\u00e9h\u00e1ny m\u00e9g a Felvid\u00e9ken fennmaradt templom<\/a>, ahol hasonl\u00f3 \u00e1br\u00e1zol\u00e1sok m\u00e9g fellelhet\u0151ek, \u00e9s amelyek alapj\u00e1n a n\u00e9zsai \u00f3templom eredeti fest\u00e9s\u00e9re is k\u00f6vetkeztethet\u00fcnk.<\/p>\n\n\n\n<p>Szint\u00e9n Bedn\u00e1r J\u00f3zsef pedzegeti azokat a helyi hiedelmeket, amelyek szerint nemcsak templommal rendelkezett az egykori N\u00e9zsa, hanem bizony egy kolostorral is, amely ak\u00e1r a Templomosok pihen\u0151helye is lehetett. Azt a roncsol\u00e1smentes kutat\u00e1sok sem tudt\u00e1k meger\u0151s\u00edteni, hogy volt b\u00e1rmilyen szakr\u00e1lis pihen\u0151hely a templom mellett, de azt igen, hogy valamilyen, jelent\u0151s falazattal b\u00edr\u00f3 \u00e9p\u00fclet m\u00e9g volt az \u00f3templom k\u00f6zel\u00e9ben, hogy ez kegy\u00fari \u00e9p\u00fclet, valamif\u00e9le temet\u0151\u0151r h\u00e1za, vagy t\u00e9nylegesen egyh\u00e1zi rendeltet\u00e9s\u0171 sz\u00e1ll\u00e1shely volt e, egyel\u0151re nem tudjuk.<\/p>\n\n\n\n<p>Ide tartozik, hogy nemcsak helyi legend\u00e1k \u00e9ltek, \u00e9lnek mind a mai napig a temet\u0151 titokzatos templom\u00e1r\u00f3l \u00e9s nemcsak templomos lovagokr\u00f3l, de elfeledett alag\u00fatrendszerr\u0151l is p\u00e9ld\u00e1ul, de az is elmondhat\u00f3, hogy \u00e9pp e hiedelmek \u00e9ltett\u00e9k <a href=\"https:\/\/nezsaiotemplom.hu\/index.php\/category\/okos-szuzek-balga-szuzek\/\" target=\"_blank\" rel=\"noreferrer noopener\">a helyi intelligencia \u00e9rdekl\u0151d\u00e9s\u00e9t az \u00f3templom ir\u00e1nt<\/a>, \u00edgy j\u00e1rt \u00e9vek, \u00e9vtizedek sor\u00e1n p\u00e9ld\u00e1ul k\u00e9zr\u0151l-k\u00e9zre a m\u00e1ig kiadatlan Bedn\u00e1r-k\u00e9zirat N\u00e9zs\u00e1ra vonatkoz\u00f3 f\u00e9nym\u00e1solt lapk\u00f6tege, amely e sorok \u00edr\u00f3j\u00e1n\u00e1l, a \u201eKr\u00f3nik\u00e1sn\u00e1l\u201d landolt m\u00e9g gimnazista kor\u00e1ban egy korany\u00e1ri d\u00e9lut\u00e1n. Sajnos megel\u0151legezett latintud\u00e1som ezt a bizalmat ut\u00f3bb nem igazolta, ugyanakkor m\u00e1ig \u0151rz\u00f6m az elny\u0171tt, telefirk\u00e1lt lapokat, azoknak a megjegyz\u00e9seit, akik az \u00e9vek sor\u00e1n mind \u00e9rdekl\u0151dtek N\u00e9zsa m\u00faltja ir\u00e1nt. Val\u00f3j\u00e1ban igyekezet\u00fck, sz\u00e1nd\u00e9kuk az, amelyet a dokumentum \u0151riz, \u0151k mind Bedn\u00e1r nyomdokain j\u00e1rtak \u00e9s ez \u00f6nmag\u00e1ban tiszteletet \u00e9rdemel. \u00a0<\/p>\n\n\n\n<p>A telep\u00fcl\u00e9s t\u00f6rt\u00e9net\u00e9ben mindenk\u00e9ppen fordul\u00f3pont lehetett a d\u00f6nt\u00e9s, hogy a tat\u00e1r \u00e9s t\u00f6r\u00f6k puszt\u00edt\u00e1s\u00e1t t\u00fal\u00e9lt N\u00e9zsa \u00faj helyen alapozza meg a t\u00fal\u00e9l\u00e9st k\u00f6vet\u0151 \u00fajrakezd\u00e9st. \u00cdgy v\u00e1lt kett\u00e9 az \u00f3falu az \u00fajt\u00f3l, \u00e9s \u00edgy v\u00e1lt a r\u00e9gi, felhagyott \u00f3falu szimb\u00f3luma az elpusztult \u00f3templom, az \u00faj telep\u00fcl\u00e9s\u00e9 pedig az \u00faj templom. Ut\u00f3bbi szint\u00e9n sz\u00e1mtalan \u00e9rdekess\u00e9g, felt\u00e1r\u00e1sra val\u00f3 titok hordoz\u00f3ja. K\u00fcl\u00f6nlegess\u00e9g\u00e9t adja p\u00e9ld\u00e1ul, hogy Szent Jakabnak, a zar\u00e1ndokok v\u00e9d\u0151szentj\u00e9nek szentelt\u00e9k fel, Szent Jakab templomok pedig hagyom\u00e1nyosan olyan zar\u00e1ndok\u00fatvonalak ment\u00e9n tal\u00e1lhat\u00f3ak, mint p\u00e9ld\u00e1nak ok\u00e1n az ismertebb spanyolorsz\u00e1gi El Camino. Mindezen t\u00e9nyek bizonytalan k\u00e9rd\u00e9seket bizony felvetnek, hogy ugyan N\u00e9zsa eszerint zar\u00e1ndokhely volt e, vagy elfeledett zar\u00e1ndok\u00fatvonal mellett fekszik esetleg, \u00e9s ezt az \u00f6r\u00f6ks\u00e9get a n\u00e9zsai \u00faj templom n\u00e9vad\u00f3j\u00e1ban \u0151rzi. Ilyen rendeltet\u00e9s\u00e9t t\u00e1maszthatn\u00e1 al\u00e1 <a href=\"https:\/\/nezsaiotemplom.hu\/index.php\/2024\/02\/01\/krisztus-keresztje-kozelrol-a-nezsai-szentkereszt-ereklye\/\" target=\"_blank\" rel=\"noreferrer noopener\">az a Szencsal\u00e1d-ereklye<\/a>, amelyet az \u00faj templomban \u0151riznek. Val\u00f3ban, <a href=\"https:\/\/nezsaiotemplom.hu\/index.php\/2024\/02\/01\/hiteles-a-nezsai-szentcsalad-ereklye\/\" target=\"_blank\" rel=\"noreferrer noopener\">Krisztus keresztj\u00e9nek szil\u00e1nkjai mellett M\u00e1ria kend\u0151j\u00e9nek \u00e9s J\u00f3zsef pal\u00e1stj\u00e1nak egy-egy darabj\u00e1t is belefoglalt\u00e1k az erekly\u00e9be<\/a>, err\u0151l <a href=\"https:\/\/nezsaiotemplom.hu\/index.php\/2024\/02\/03\/a-szent-kereszt-ereklye-hitelesito-es-jovahagyo-iratanak-masolata\/\" target=\"_blank\" rel=\"noreferrer noopener\">hiteles\u00edt\u0151 okirat<\/a> is a rendelkez\u00e9sre \u00e1ll. Sajnos \u00e9pp ugyanezen okirat tiszt\u00e1zza azt is, hogy az ereklye az 1800-as \u00e9vek elej\u00e9n ker\u00fclt a telep\u00fcl\u00e9sre, teh\u00e1t nem templomos lovagok hagyt\u00e1k h\u00e1tra. Ugyanakkor az\u00e9rt az m\u00e9giscsak \u00e9rdekes, hogy a B\u00e9csb\u0151l a v\u00e1ci egyh\u00e1zmegy\u00e9nek aj\u00e1nd\u00e9kozott ereklye-egy\u00fcttest mi\u00e9rt \u00e9ppen N\u00e9zsa kapta meg.<\/p>\n\n\n\n<p>Ki kell t\u00e9rn\u00fcnk n\u00e9h\u00e1ny sz\u00f3ban arra is, hogy az \u00f3templom kutat\u00e1s\u00e1nak eg\u00e9szen prof\u00e1n pillanatai, esem\u00e9nyei is vannak, ezeket is egy <a href=\"https:\/\/nezsaiotemplom.hu\/index.php\/category\/a-kronikas-blogja\/\" target=\"_blank\" rel=\"noreferrer noopener\">k\u00fcl\u00f6n men\u00fcpontban<\/a> fogadja be az oldal. M\u00e1rcsak az\u00e9rt is, hiszen t\u00f6rt\u00e9nelmileg igen \u00e9rdekes vid\u00e9ken \u00e9l\u00fcnk, \u00e9s ha csak egy faluval mozdulunk \u00c9szakra vagy Keletre, m\u00e1ris \u00fajabb \u00e9rdekess\u00e9gekre bukkanunk. Leg\u00e9nden p\u00e9ld\u00e1ul egy <a href=\"https:\/\/nezsaiotemplom.hu\/index.php\/2023\/09\/04\/amit-mindig-is-tudni-szerettel-volna-a-legendi-keltanyarol-interju-az-asatas-vezeto-regeszevel-toth-krisztiannal\/\" target=\"_blank\" rel=\"noreferrer noopener\">kelta telep\u00fcl\u00e9sre<\/a>, Galgagut\u00e1n pedig egy hasonl\u00f3 sorsot meg\u00e9lt, de <a href=\"https:\/\/nezsaiotemplom.hu\/index.php\/2023\/09\/04\/a-galgagutai-templomrom-feltarasanak-szemelyes-tanulsagai\/\" target=\"_blank\" rel=\"noreferrer noopener\">m\u00e1ra megkutatott templomra<\/a>. R\u00e1ad\u00e1sul \u00e9rt\u00e9kment\u00e9s tekintet\u00e9ben <a href=\"https:\/\/nezsaiotemplom.hu\/index.php\/2023\/09\/04\/gombaszogi-palos-monostor-egy-projektminta\/\" target=\"_blank\" rel=\"noreferrer noopener\">van is kit\u0151l tanulnunk<\/a>. Igyeksz\u00fcnk teh\u00e1t minden t\u00f6rt\u00e9nelmi \u00e9rdekess\u00e9gr\u0151l \u00e9pp\u00fagy besz\u00e1molni (<a href=\"https:\/\/nezsaiotemplom.hu\/index.php\/2023\/09\/04\/a-nezsai-magtar-megkutatasa-epitett-oroksegunk-mint-hetkoznapjaink-diszletei\/\" target=\"_blank\" rel=\"noreferrer noopener\">p\u00e9ld\u00e1ul a n\u00e9zsai magt\u00e1r\/lovarda sors\u00e1r\u00f3l is<\/a>), ahogyan saj\u00e1t er\u0151fesz\u00edt\u00e9seinkr\u0151l, hogy min\u00e9l t\u00f6bbet megtudjunk az \u00f3templomr\u00f3l, lehet\u0151leg egy \u00e1sat\u00e1s keret\u00e9ben. \u00c9s tov\u00e1bbi k\u00e9rd\u00e9s marad, tud e a k\u00f6z\u00f6ss\u00e9g kezdeni valamit az \u00f3templommal \u00e9s mindazzal, amit t\u00f6rt\u00e9nelmileg k\u00e9pvisel, egy felt\u00e1r\u00f3 \u00e1sat\u00e1s ut\u00e1n.<\/p>\n\n\n\n<p>(<em><a href=\"https:\/\/nezsaiotemplom.hu\/index.php\/2023\/09\/15\/latvanytervek-nezsa-elso-templomarol\/\" target=\"_blank\" rel=\"noreferrer noopener\">A vezet\u0151k\u00e9pet kedves k\u00f6vet\u0151nk, V\u00f6r\u00f6s M\u00e1rta, Kalocsa-Kecskem\u00e9ti F\u0151egyh\u00e1zmegye egyh\u00e1zmegyei f\u0151\u00e9p\u00edt\u00e9sze k\u00e9sz\u00edtette<\/a> a talajradaroz\u00e1s eredm\u00e9nyei felhaszn\u00e1l\u00e1s\u00e1val.<\/em>)<\/p>\n","protected":false},"excerpt":{"rendered":"<p>\u00dcdv! Ez itt a n\u00e9zsai templomrom-kutat\u00e1s eredm\u00e9nyeinek, esem\u00e9nyeinek gy\u0171jt\u0151oldala. 2022. m\u00e1jus 16-\u00e1n talajradaroz\u00e1ssal m\u00e9rt\u00e9k f\u00f6l az egykori n\u00e9zsai templom, m\u00e1ra a f\u00f6ld alatt szunnyad\u00f3 romjait, ez az oldal hivatott t\u00e1j\u00e9koztatni arr\u00f3l, milyen eredm\u00e9nyekkel is z\u00e1rult a kutat\u00e1s, \u00e9s mi lesz e templomrom j\u00f6v\u0151je&#8230; (Ez a bemutatkoz\u00e1s egy\u00fattal N\u00e9zsa, \u00e9s a n\u00e9zsai \u00f3templom t\u00f6rt\u00e9nete, ennek ment\u00e9n&#8230;<\/p>\n","protected":false},"author":1,"featured_media":285,"parent":0,"menu_order":0,"comment_status":"closed","ping_status":"open","template":"","meta":{"_monsterinsights_skip_tracking":false,"_monsterinsights_sitenote_active":false,"_monsterinsights_sitenote_note":"","_monsterinsights_sitenote_category":0,"_uf_show_specific_survey":0,"_uf_disable_surveys":false,"footnotes":""},"class_list":["post-2","page","type-page","status-publish","has-post-thumbnail","hentry"],"yoast_head":"<!-- This site is optimized with the Yoast SEO plugin v26.2 - https:\/\/yoast.com\/wordpress\/plugins\/seo\/ -->\n<title>Bek\u00f6sz\u00f6nt\u0151 - A n\u00e9zsai \u00f3templom Hist\u00f3ri\u00e1ja<\/title>\n<meta name=\"robots\" content=\"index, follow, max-snippet:-1, max-image-preview:large, max-video-preview:-1\" \/>\n<link rel=\"canonical\" href=\"https:\/\/nezsaiotemplom.hu\/index.php\/sample-page\/\" \/>\n<meta property=\"og:locale\" content=\"hu_HU\" \/>\n<meta property=\"og:type\" content=\"article\" \/>\n<meta property=\"og:title\" content=\"Bek\u00f6sz\u00f6nt\u0151 - A n\u00e9zsai \u00f3templom Hist\u00f3ri\u00e1ja\" \/>\n<meta property=\"og:description\" content=\"\u00dcdv! Ez itt a n\u00e9zsai templomrom-kutat\u00e1s eredm\u00e9nyeinek, esem\u00e9nyeinek gy\u0171jt\u0151oldala. 2022. m\u00e1jus 16-\u00e1n talajradaroz\u00e1ssal m\u00e9rt\u00e9k f\u00f6l az egykori n\u00e9zsai templom, m\u00e1ra a f\u00f6ld alatt szunnyad\u00f3 romjait, ez az oldal hivatott t\u00e1j\u00e9koztatni arr\u00f3l, milyen eredm\u00e9nyekkel is z\u00e1rult a kutat\u00e1s, \u00e9s mi lesz e templomrom j\u00f6v\u0151je&#8230; (Ez a bemutatkoz\u00e1s egy\u00fattal N\u00e9zsa, \u00e9s a n\u00e9zsai \u00f3templom t\u00f6rt\u00e9nete, ennek ment\u00e9n...\" \/>\n<meta property=\"og:url\" content=\"https:\/\/nezsaiotemplom.hu\/index.php\/sample-page\/\" \/>\n<meta property=\"og:site_name\" content=\"A n\u00e9zsai \u00f3templom Hist\u00f3ri\u00e1ja\" \/>\n<meta property=\"article:modified_time\" content=\"2025-04-25T16:54:06+00:00\" \/>\n<meta property=\"og:image\" content=\"https:\/\/nezsaiotemplom.hu\/wp-content\/uploads\/2023\/09\/proba1.jpg\" \/>\n\t<meta property=\"og:image:width\" content=\"700\" \/>\n\t<meta property=\"og:image:height\" content=\"333\" \/>\n\t<meta property=\"og:image:type\" content=\"image\/jpeg\" \/>\n<meta name=\"twitter:card\" content=\"summary_large_image\" \/>\n<meta name=\"twitter:label1\" content=\"Becs\u00fclt olvas\u00e1si id\u0151\" \/>\n\t<meta name=\"twitter:data1\" content=\"7 perc\" \/>\n<script type=\"application\/ld+json\" class=\"yoast-schema-graph\">{\"@context\":\"https:\/\/schema.org\",\"@graph\":[{\"@type\":\"WebPage\",\"@id\":\"https:\/\/nezsaiotemplom.hu\/index.php\/sample-page\/\",\"url\":\"https:\/\/nezsaiotemplom.hu\/index.php\/sample-page\/\",\"name\":\"Bek\u00f6sz\u00f6nt\u0151 - A n\u00e9zsai \u00f3templom Hist\u00f3ri\u00e1ja\",\"isPartOf\":{\"@id\":\"https:\/\/nezsaiotemplom.hu\/#website\"},\"primaryImageOfPage\":{\"@id\":\"https:\/\/nezsaiotemplom.hu\/index.php\/sample-page\/#primaryimage\"},\"image\":{\"@id\":\"https:\/\/nezsaiotemplom.hu\/index.php\/sample-page\/#primaryimage\"},\"thumbnailUrl\":\"https:\/\/nezsaiotemplom.hu\/wp-content\/uploads\/2023\/09\/proba1.jpg\",\"datePublished\":\"2023-05-24T12:48:38+00:00\",\"dateModified\":\"2025-04-25T16:54:06+00:00\",\"breadcrumb\":{\"@id\":\"https:\/\/nezsaiotemplom.hu\/index.php\/sample-page\/#breadcrumb\"},\"inLanguage\":\"hu\",\"potentialAction\":[{\"@type\":\"ReadAction\",\"target\":[\"https:\/\/nezsaiotemplom.hu\/index.php\/sample-page\/\"]}]},{\"@type\":\"ImageObject\",\"inLanguage\":\"hu\",\"@id\":\"https:\/\/nezsaiotemplom.hu\/index.php\/sample-page\/#primaryimage\",\"url\":\"https:\/\/nezsaiotemplom.hu\/wp-content\/uploads\/2023\/09\/proba1.jpg\",\"contentUrl\":\"https:\/\/nezsaiotemplom.hu\/wp-content\/uploads\/2023\/09\/proba1.jpg\",\"width\":700,\"height\":333},{\"@type\":\"BreadcrumbList\",\"@id\":\"https:\/\/nezsaiotemplom.hu\/index.php\/sample-page\/#breadcrumb\",\"itemListElement\":[{\"@type\":\"ListItem\",\"position\":1,\"name\":\"Kezd\u0151lap\",\"item\":\"https:\/\/nezsaiotemplom.hu\/\"},{\"@type\":\"ListItem\",\"position\":2,\"name\":\"Bek\u00f6sz\u00f6nt\u0151\"}]},{\"@type\":\"WebSite\",\"@id\":\"https:\/\/nezsaiotemplom.hu\/#website\",\"url\":\"https:\/\/nezsaiotemplom.hu\/\",\"name\":\"A n\u00e9zsai \u00f3templom Hist\u00f3ri\u00e1ja\",\"description\":\"\",\"potentialAction\":[{\"@type\":\"SearchAction\",\"target\":{\"@type\":\"EntryPoint\",\"urlTemplate\":\"https:\/\/nezsaiotemplom.hu\/?s={search_term_string}\"},\"query-input\":{\"@type\":\"PropertyValueSpecification\",\"valueRequired\":true,\"valueName\":\"search_term_string\"}}],\"inLanguage\":\"hu\"}]}<\/script>\n<!-- \/ Yoast SEO plugin. -->","yoast_head_json":{"title":"Bek\u00f6sz\u00f6nt\u0151 - A n\u00e9zsai \u00f3templom Hist\u00f3ri\u00e1ja","robots":{"index":"index","follow":"follow","max-snippet":"max-snippet:-1","max-image-preview":"max-image-preview:large","max-video-preview":"max-video-preview:-1"},"canonical":"https:\/\/nezsaiotemplom.hu\/index.php\/sample-page\/","og_locale":"hu_HU","og_type":"article","og_title":"Bek\u00f6sz\u00f6nt\u0151 - A n\u00e9zsai \u00f3templom Hist\u00f3ri\u00e1ja","og_description":"\u00dcdv! Ez itt a n\u00e9zsai templomrom-kutat\u00e1s eredm\u00e9nyeinek, esem\u00e9nyeinek gy\u0171jt\u0151oldala. 2022. m\u00e1jus 16-\u00e1n talajradaroz\u00e1ssal m\u00e9rt\u00e9k f\u00f6l az egykori n\u00e9zsai templom, m\u00e1ra a f\u00f6ld alatt szunnyad\u00f3 romjait, ez az oldal hivatott t\u00e1j\u00e9koztatni arr\u00f3l, milyen eredm\u00e9nyekkel is z\u00e1rult a kutat\u00e1s, \u00e9s mi lesz e templomrom j\u00f6v\u0151je&#8230; (Ez a bemutatkoz\u00e1s egy\u00fattal N\u00e9zsa, \u00e9s a n\u00e9zsai \u00f3templom t\u00f6rt\u00e9nete, ennek ment\u00e9n...","og_url":"https:\/\/nezsaiotemplom.hu\/index.php\/sample-page\/","og_site_name":"A n\u00e9zsai \u00f3templom Hist\u00f3ri\u00e1ja","article_modified_time":"2025-04-25T16:54:06+00:00","og_image":[{"width":700,"height":333,"url":"https:\/\/nezsaiotemplom.hu\/wp-content\/uploads\/2023\/09\/proba1.jpg","type":"image\/jpeg"}],"twitter_card":"summary_large_image","twitter_misc":{"Becs\u00fclt olvas\u00e1si id\u0151":"7 perc"},"schema":{"@context":"https:\/\/schema.org","@graph":[{"@type":"WebPage","@id":"https:\/\/nezsaiotemplom.hu\/index.php\/sample-page\/","url":"https:\/\/nezsaiotemplom.hu\/index.php\/sample-page\/","name":"Bek\u00f6sz\u00f6nt\u0151 - A n\u00e9zsai \u00f3templom Hist\u00f3ri\u00e1ja","isPartOf":{"@id":"https:\/\/nezsaiotemplom.hu\/#website"},"primaryImageOfPage":{"@id":"https:\/\/nezsaiotemplom.hu\/index.php\/sample-page\/#primaryimage"},"image":{"@id":"https:\/\/nezsaiotemplom.hu\/index.php\/sample-page\/#primaryimage"},"thumbnailUrl":"https:\/\/nezsaiotemplom.hu\/wp-content\/uploads\/2023\/09\/proba1.jpg","datePublished":"2023-05-24T12:48:38+00:00","dateModified":"2025-04-25T16:54:06+00:00","breadcrumb":{"@id":"https:\/\/nezsaiotemplom.hu\/index.php\/sample-page\/#breadcrumb"},"inLanguage":"hu","potentialAction":[{"@type":"ReadAction","target":["https:\/\/nezsaiotemplom.hu\/index.php\/sample-page\/"]}]},{"@type":"ImageObject","inLanguage":"hu","@id":"https:\/\/nezsaiotemplom.hu\/index.php\/sample-page\/#primaryimage","url":"https:\/\/nezsaiotemplom.hu\/wp-content\/uploads\/2023\/09\/proba1.jpg","contentUrl":"https:\/\/nezsaiotemplom.hu\/wp-content\/uploads\/2023\/09\/proba1.jpg","width":700,"height":333},{"@type":"BreadcrumbList","@id":"https:\/\/nezsaiotemplom.hu\/index.php\/sample-page\/#breadcrumb","itemListElement":[{"@type":"ListItem","position":1,"name":"Kezd\u0151lap","item":"https:\/\/nezsaiotemplom.hu\/"},{"@type":"ListItem","position":2,"name":"Bek\u00f6sz\u00f6nt\u0151"}]},{"@type":"WebSite","@id":"https:\/\/nezsaiotemplom.hu\/#website","url":"https:\/\/nezsaiotemplom.hu\/","name":"A n\u00e9zsai \u00f3templom Hist\u00f3ri\u00e1ja","description":"","potentialAction":[{"@type":"SearchAction","target":{"@type":"EntryPoint","urlTemplate":"https:\/\/nezsaiotemplom.hu\/?s={search_term_string}"},"query-input":{"@type":"PropertyValueSpecification","valueRequired":true,"valueName":"search_term_string"}}],"inLanguage":"hu"}]}},"_links":{"self":[{"href":"https:\/\/nezsaiotemplom.hu\/index.php\/wp-json\/wp\/v2\/pages\/2","targetHints":{"allow":["GET"]}}],"collection":[{"href":"https:\/\/nezsaiotemplom.hu\/index.php\/wp-json\/wp\/v2\/pages"}],"about":[{"href":"https:\/\/nezsaiotemplom.hu\/index.php\/wp-json\/wp\/v2\/types\/page"}],"author":[{"embeddable":true,"href":"https:\/\/nezsaiotemplom.hu\/index.php\/wp-json\/wp\/v2\/users\/1"}],"replies":[{"embeddable":true,"href":"https:\/\/nezsaiotemplom.hu\/index.php\/wp-json\/wp\/v2\/comments?post=2"}],"version-history":[{"count":8,"href":"https:\/\/nezsaiotemplom.hu\/index.php\/wp-json\/wp\/v2\/pages\/2\/revisions"}],"predecessor-version":[{"id":666,"href":"https:\/\/nezsaiotemplom.hu\/index.php\/wp-json\/wp\/v2\/pages\/2\/revisions\/666"}],"wp:featuredmedia":[{"embeddable":true,"href":"https:\/\/nezsaiotemplom.hu\/index.php\/wp-json\/wp\/v2\/media\/285"}],"wp:attachment":[{"href":"https:\/\/nezsaiotemplom.hu\/index.php\/wp-json\/wp\/v2\/media?parent=2"}],"curies":[{"name":"wp","href":"https:\/\/api.w.org\/{rel}","templated":true}]}}