{"id":66,"date":"2023-09-04T11:13:04","date_gmt":"2023-09-04T11:13:04","guid":{"rendered":"https:\/\/nezsaiotemplom.hu\/?page_id=66"},"modified":"2025-04-25T16:54:45","modified_gmt":"2025-04-25T16:54:45","slug":"kik-vagyunk-mi-nezsaiak-2","status":"publish","type":"page","link":"https:\/\/nezsaiotemplom.hu\/index.php\/kik-vagyunk-mi-nezsaiak-2\/","title":{"rendered":"Kik vagyunk mi, n\u00e9zsaiak?"},"content":{"rendered":"<!-- Google Tag Manager -->\n<script>(function(w,d,s,l,i){w[l]=w[l]||[];w[l].push({'gtm.start':\nnew Date().getTime(),event:'gtm.js'});var f=d.getElementsByTagName(s)[0],\nj=d.createElement(s),dl=l!='dataLayer'?'&l='+l:'';j.async=true;j.src=\n'https:\/\/www.googletagmanager.com\/gtm.js?id='+i+dl;f.parentNode.insertBefore(j,f);\n})(window,document,'script','dataLayer','GTM-PW2ZGML3');<\/script>\n<!-- End Google Tag Manager -->\n\n\n<p>N\u00e9zsa az eg\u00e9szen a Dunakanyarig lehull\u00e1mz\u00f3 Cserh\u00e1t dombos-hegyes vid\u00e9k\u00e9nek egyik jellegzetes kistelep\u00fcl\u00e9se. Ez N\u00f3gr\u00e1d-v\u00e1rmegye azon t\u00e1ja, ahol az egyik magaslatra felh\u00e1gva nem tudod meg\u00edt\u00e9lni, te vagy e \u00e9pp a legmagasabb ponton, vagy egy m\u00e1sik dombon magasabban lenn\u00e9l. De ez mindegy is, hiszen a vid\u00e9k t\u00e1gas perspekt\u00edv\u00e1ja \u00e9s a csillagos \u00e9g est\u00e9nk\u00e9nt adott. Csillag\u00e1szati megfigyel\u00e9sekre \u00e9ppen ez\u00e9rt is lenne alkalmas, ha d\u00e9li ir\u00e1nyb\u00f3l nem szennyezn\u00e9 v\u00f6r\u00f6s kont\u00farral az \u00e9g alj\u00e1t a F\u0151v\u00e1ros. Cser\u00e9be N\u00e9zsa is, mint minden k\u00f6rny\u00e9kbeli telep\u00fcl\u00e9s, a bogy\u00f3sgy\u00fcm\u00f6lcs\u00f6k haz\u00e1ja. A hozz\u00e1 vezet\u0151 kacskaring\u00f3s utak ment\u00e9n az utaz\u00f3k v\u00e9delm\u00e9t szolg\u00e1l\u00f3 keresztek, M\u00e1ria-szobrok, hasonl\u00f3k\u00e9ppen az utaz\u00f3k \u00e9s a f\u00f6ldmunk\u00e1kra igyekv\u0151k sz\u00e1m\u00e1ra \u00e9tek\u00fcl m\u00e1ra elvadult gy\u00fcm\u00f6lcsf\u00e1k, ny\u00e1rialma, fos\u00f3kaszilva, vadk\u00f6rte \u00e9s di\u00f3. K\u00f6z\u00fckben k\u00fcl\u00f6n\u00f6sen a tavaszi id\u0151ben vir\u00e1gz\u00e1ssal pomp\u00e1z\u00f3 k\u00f6k\u00e9nybokrok \u00e9s csipke, ahol sz\u00e1mtalan mad\u00e1r tal\u00e1l f\u00e9szkel\u00e9s idej\u00e9n mened\u00e9ket. Megf\u00e9r ezen a vid\u00e9ken a cs\u00fafosan k\u00e9s\u0151n levelet bont\u00f3 ak\u00e1c is, a m\u00e9h\u00e9szek kedvence. <\/p>\n\n\n<div class=\"wp-block-image\">\n<figure class=\"aligncenter size-full\"><img loading=\"lazy\" decoding=\"async\" width=\"700\" height=\"466\" src=\"https:\/\/nezsaiotemplom.hu\/wp-content\/uploads\/2024\/06\/szarkap4.jpg\" alt=\"\" class=\"wp-image-632\" srcset=\"https:\/\/nezsaiotemplom.hu\/wp-content\/uploads\/2024\/06\/szarkap4.jpg 700w, https:\/\/nezsaiotemplom.hu\/wp-content\/uploads\/2024\/06\/szarkap4-300x200.jpg 300w, https:\/\/nezsaiotemplom.hu\/wp-content\/uploads\/2024\/06\/szarkap4-600x400.jpg 600w\" sizes=\"auto, (max-width: 700px) 100vw, 700px\" \/><figcaption class=\"wp-element-caption\">Fot\u00f3: Szarka P\u00e9ter<\/figcaption><\/figure>\n<\/div>\n\n\n<p>Az utakat szeg\u00e9lyez\u0151 jellegzetes veget\u00e1ci\u00f3 m\u00f6g\u00f6tt pedig v\u00e9gel\u00e1thatatlan sz\u00e1nt\u00f3f\u00f6ldek, a k\u00f6z\u00e9j\u00fck \u00e9kel\u0151d\u0151 vizes vagy szikl\u00e1s jelleg\u0171 szigetekkel. Ez az \u00f6sszetetts\u00e9g\u00e9ben is megfogalmazhatatlan kult\u00fart\u00e1j, amelyet a V\u00e1cra munk\u00e1ba, vagy tanulni igyekv\u0151k napra-nap l\u00e1tnak a kom\u00f3tosan halad\u00f3 buszr\u00f3l, \u00e9s amely akkor k\u00fcl\u00f6n\u00f6sen sz\u00e9p, ha a febru\u00e1ri pirkad\u00f3 hajnalokon az aranyszeg\u00e9ly\u0171 felh\u0151k megmutatj\u00e1k magukat a b\u00edbor sz\u00edn \u00e9g kont\u00farj\u00e1ban. H\u00e1t \u00edgy j\u00e1rnak munk\u00e1ba, iskol\u00e1ba a n\u00e9zsaiak, ha \u00e9pp \u00e1t nem alussz\u00e1k az eg\u00e9szet.<\/p>\n\n\n\n<p>N\u00e9zsa k\u00fcl\u00f6nben fagyzug, itt minden majd egy h\u00f3napos k\u00e9s\u00e9ssel vir\u00e1gzik, ny\u00edlik, viszont az augusztusban vir\u00e1gz\u00f3 t\u00f6k is be\u00e9rik. \u00c9s megterem a f\u00fcge is. Igazi gy\u00fcm\u00f6lcse ugyanakkor m\u00e9giscsak a m\u00e1lna, a piros \u00e9s fekete ribizli \u00e9s a d\u00e9rrel \u00e9r\u0151 t\u00e9li alma, amelynek zamat\u00e1t semmilyen m\u00e1s alma nem k\u00e9pes visszaadni. Ut\u00f3bbi fajt\u00e1j\u00e1ra n\u00e9zve csak alma itt. De ak\u00e1r m\u00e1jusig is el\u00e1ll.<\/p>\n\n\n\n<p>N\u00e9zs\u00e1t az \u00edr\u00e1sbeli forr\u00e1sok m\u00e1r 13..-ban eml\u00edtik, mint a honfoglal\u00e1skori eredet\u0171, az azonos nev\u0171 csal\u00e1d birtok\u00e1t, v\u00e1ruk a k\u00f6zeli Vas-hegy ny\u00falv\u00e1ny\u00e1nak d\u00e9li kisz\u00f6gel\u00e9s\u00e9n m\u00e9g ma is felfedezhet\u0151, m\u00e1r ami pusztul\u00f3 marad\u00e9k\u00e1t illeti. Ez Cs\u0151v\u00e1r, amely a t\u00f6rt\u00e9nelem k\u00fcl\u00f6n\u00f6s kacskaring\u00f3jak\u00e9nt m\u00e1r Pest-megy\u00e9hez tartozik, a v\u00e1r al\u00e1 telep\u00fcl\u0151 Cs\u0151v\u00e1r telep\u00fcl\u00e9ssel egyetemben. De, ha m\u00e1r itt tartunk, t\u00f6rt\u00e9nelmileg is izgalmas, zaklatott vid\u00e9k ez. A honfoglal\u00e1s h\u00e9t t\u00f6rzs\u00e9nek neve ismeret\u00e9ben csak el\u00e9g k\u00f6rbetekinteni, hiszen akad itt kicsit \u00e9szakabbra IpolyNY\u00c9K , azt\u00e1n N\u00f3gr\u00e1dMEGYER, Erd\u0151K\u00dcRT, BalassaGYARMAT, Salg\u00f3TARJ\u00c1N, Di\u00f3sJEN\u0150 szint\u00e9n n\u00e9mileg \u00e9szakabbra IpolyK\u00c9R \u00e9s KarancsKESZI. A honfoglal\u00f3nak tartott t\u00f6rzsek teh\u00e1t sz\u00e9pen belakt\u00e1k ezt a k\u00f6rny\u00e9ket, nem elvitatva a magyar virtushoz ill\u0151 k\u00e9s\u0151bbi hat\u00e1rvit\u00e1kat. Ide k\u00edv\u00e1nkozik, hogy M\u00e1ty\u00e1s kir\u00e1ly N\u00e9zsai L\u00e1szl\u00f3 h\u0171tlen magatart\u00e1sa miatt elkobozza birtokait, \u00e9s el\u0151sz\u00f6r 1467-ben Rozgonyi J\u00e1nos t\u00e1rnokmesternek \u00e9s Rajnald sz\u00e9kelyisp\u00e1nnak, majd k\u00e9s\u0151bb 1474-ben Parlaghy Gy\u00f6rgynek adom\u00e1nyozza. A telep\u00fcl\u00e9s hagyom\u00e1nyosan rebellis hozz\u00e1\u00e1ll\u00e1s\u00e1t az is igazolja, hogy a k\u00e9s\u0151bbiekben is a rabsitzokod\u00e1sban \u00e9len j\u00e1rtak a falu lak\u00f3i, \u00e9s bicsk\u00e1s mivoltukban tisztelt\u00e9k \u0151ket a k\u00f6rny\u00e9k k\u00f6zs\u00e9gei.<\/p>\n\n\n<div class=\"wp-block-image\">\n<figure class=\"aligncenter size-large\"><img loading=\"lazy\" decoding=\"async\" width=\"1024\" height=\"608\" src=\"https:\/\/nezsaiotemplom.hu\/wp-content\/uploads\/2024\/01\/nezsa_1773-1024x608.jpg\" alt=\"\" class=\"wp-image-314\" srcset=\"https:\/\/nezsaiotemplom.hu\/wp-content\/uploads\/2024\/01\/nezsa_1773-1024x608.jpg 1024w, https:\/\/nezsaiotemplom.hu\/wp-content\/uploads\/2024\/01\/nezsa_1773-300x178.jpg 300w, https:\/\/nezsaiotemplom.hu\/wp-content\/uploads\/2024\/01\/nezsa_1773-768x456.jpg 768w, https:\/\/nezsaiotemplom.hu\/wp-content\/uploads\/2024\/01\/nezsa_1773.jpg 1340w\" sizes=\"auto, (max-width: 1024px) 100vw, 1024px\" \/><\/figure>\n<\/div>\n\n\n<p>Ami N\u00e9zsa tekintet\u00e9ben bizonyos, hogy \u0151si, honfoglal\u00e1skori n\u00e9vad\u00f3ja ut\u00e1n tat\u00e1rt \u00e9s t\u00f6r\u00f6k\u00f6t biztosan t\u00fal\u00e9lt, de m\u00e1r akkor is volt. \u00c9s volt kett\u0151s min\u0151s\u00e9g\u00e9ben is, legal\u00e1bbis, mi\u00f3ta ezt m\u00e1r a forr\u00e1sok is meger\u0151s\u00edtik, a t\u00f6r\u00f6k h\u00f3dolts\u00e1g v\u00e9ge fel\u00e9, amkor az \u00faj N\u00e9zsa, a mai, a megmaradtak d\u00f6nt\u00e9se nyom\u00e1n lev\u00e1lt a r\u00e9gir\u0151l. \u00daj templomot \u00e9s k\u00f6r\u00e9 \u00faj falut szerveztek, a r\u00e9git, a pusztul\u00f3t pedig felhagyt\u00e1k telep\u00fcl\u00e9sest\u00fcl, templomost\u00f3l. Az \u00f3templom \u0151rzi a m\u00e1ig ismeretlen kor\u00e1bbi N\u00e9zsa templom\u00e1nak \u00e9s telep\u00fcl\u00e9s\u00e9nek t\u00f6rt\u00e9net\u00e9t, az \u00faj templom pedig a telep\u00fcl\u00e9s \u00fajrakezd\u00e9s\u00e9nek szimb\u00f3luma.<\/p>\n\n\n\n<p>A r\u00e9gi \u00e9s az \u00faj falu (stara dedina) sz\u00e9tv\u00e1l\u00e1s\u00e1nak idej\u00e9n \u00e9rkeztek a k\u00f6zs\u00e9gbe azok a szlov\u00e1k telepesek, akiknek csal\u00e1dnev\u00e9t m\u00e1ig is ismerj\u00fck.<\/p>\n\n\n\n<p>N\u00e9zsa k\u00f6zpontj\u00e1ban &#8211; ha templomot \u00e9s annak k\u00f6rny\u00e9k\u00e9t nem tekintj\u00fck annak, hisz a v\u00e1s\u00e1roz\u00e1snak ott is megtal\u00e1ljuk valamikori hely\u00e9t \u2013 jelent\u0151s\u00e9gteljes kast\u00e9lyt tal\u00e1lunk, az el\u0151tte \u00f6sszefut\u00f3 \u00fatkeresztez\u0151d\u00e9s egyik sz\u00f6glet\u00e9ben jobb sorsa \u00e9rdemes par\u00e1d\u00e9s ist\u00e1ll\u00f3val, ahol a sz\u00e1jhagyom\u00e1ny szerint maga Kincsem l\u00f3 t\u00f6lt\u00f6tte ifj\u00fai \u00e9veit. Hozz\u00e1 \u00edzes\u00fclve, a h\u00e9tk\u00f6znapinak \u00e9ppen nem nevezhet\u0151 kult\u00farh\u00e1z mellett robosztus magt\u00e1r, szint\u00e9n \u00fajabb kori hasznos\u00edt\u00e1s\u00e1r\u00f3l \u00e1br\u00e1ndozva. Ebb\u00e9li rem\u00e9ny\u00e9t er\u0151s\u00edtgeti maga a sz\u00e9pen fel\u00faj\u00edtott kast\u00e9ly, amelynek \u00e9p\u00edt\u00e9s\u00e9t az 1740-es \u00e9vekben Klobusitzky Istv\u00e1n kezdte meg, majd 1896-ban, a millenniumi \u00e9vben Blaskovich Mikl\u00f3s f\u00f6ldes\u00far emeletet \u00e9s k\u00e9t toronyszob\u00e1t \u00e9p\u00edttetett r\u00e1. Tal\u00e1n eml\u00edt\u00e9st \u00e9rdemel, hogy sz\u00e9les erk\u00e9ly\u00e9t \u00e9ppen a Vashegynek \u00e9s Cs\u0151v\u00e1rnak ir\u00e1ny\u00edtott\u00e1k a tervez\u0151k, \u00e9s nem is felt\u00e9tlen a sz\u00e9p kil\u00e1t\u00e1s hanem a t\u00f6rt\u00e9nelmi ber\u00f6gz\u0151d\u00e9s v\u00e9gett. A kast\u00e9ly k\u00f6r\u00fcl, amelyben jelenleg \u00e1ltal\u00e1nos iskola m\u0171k\u00f6dik, jelent\u0151s angolpark z\u00f6ldellik, hozz\u00e1\u00e9rt\u0151 uradalmi kert\u00e9sz h\u00edj\u00e1n jelenleg bels\u0151 erd\u0151k\u00e9nt funkcion\u00e1l, de egykor saj\u00e1t teniszp\u00e1ly\u00e1val \u00e9s kisebb t\u00f3val is b\u00fcszk\u00e9lkedett.&nbsp;<\/p>\n\n\n\n<p>A k\u00f6zs\u00e9g m\u00e1sik, m\u00e1ra kev\u00e9sb\u00e9 funkcion\u00e1l\u00f3 k\u00f6z\u00f6ss\u00e9gi tere a Szent Jakab templom k\u00f6rny\u00e9ke. Ugyanakkor m\u00e9g az \u00fat is \u00fagy kanyarog a templom k\u00f6r\u00fcl, hogy minden \u00e1thalad\u00f3t lass\u00edt\u00e1sra k\u00e9sztet, ami id\u0151t adhat a templom k\u00f6rny\u00e9ki port\u00e1k emberl\u00e9pt\u00e9k\u0171 ar\u00e1nyainak, v\u00e1lyogh\u00e1zainak megfigyel\u00e9s\u00e9re, a t\u00f6r\u00f6k d\u00fal\u00e1s ut\u00e1n \u00fajraszervez\u0151d\u0151 falu telep\u00fcl\u00e9sszerkezet\u00e9nek megfigyel\u00e9s\u00e9re. Hiszen, hab\u00e1r ez az \u00fat mellett egym\u00e1shoz simul\u00f3 h\u00e1zhelyekb\u0151l nem kik\u00f6vetkeztethet\u0151, maguk a port\u00e1k h\u00e1tul hosszan leny\u00fal\u00f3 kertjeikkel mind a N\u00e9zs\u00e1t k\u00f6rbefoly\u00f3 patakokhoz, erekhez futnak le. B\u00e1r e v\u00edzgazdags\u00e1g m\u00e1ra kor\u00e1ntsem jellemzi a k\u00f6zs\u00e9get, a nyomai az\u00e9rt j\u00f3l l\u00e1that\u00f3k. Ha b\u00e1rki fel\u00fclr\u0151l megn\u00e9zi N\u00e9zs\u00e1t, l\u00e1tni fogja, milyen t\u00e1g, nagyvonal\u00fa bels\u0151 terekkel rendelkezik. S\u0151t, tal\u00e1n az is kijelenthet\u0151, hogy a k\u00f6zs\u00e9g telep\u00fcl\u00e9sszerkezet\u00e9ben ink\u00e1bb t\u00f6bb a szabad t\u00e9r, a kertes, gy\u00fcm\u00f6lcs\u00f6s hi\u00e1tus, mint maga az \u00e9p\u00edtett N\u00e9zsa.<\/p>\n\n\n\n<p>Essen sz\u00f3 mag\u00e1r\u00f3l a Szent Jakab templomr\u00f3l is, amelyet a jelenlegi egyh\u00e1zi forr\u00e1sok a XVI. sz\u00e1zadb\u00f3l val\u00f3nak mondanak, pontos \u00e9p\u00edt\u00e9si ideje eszerint 1575. Kit\u00e9rnek arra is, hogy falaihoz az \u00f3templom k\u0151anyag\u00e1t is felhaszn\u00e1lt\u00e1k. Tornyot az 1760-as \u00e9vekben gr\u00f3f Klobusitzky Istv\u00e1n j\u00f3volt\u00e1b\u00f3l kapott, majd 1799-ben \u00e1t\u00e9p\u00edtik \u00e9s megnagyobb\u00edtj\u00e1k. A l\u00e9nyeg t\u00e1n nem is ez, hiszen a templom maga ma is k\u00f6rbej\u00e1rhat\u00f3, bel\u00fclr\u0151l is megcsod\u00e1lhat\u00f3, olt\u00e1r\u00e1val, oldalhaj\u00f3ival egyetemben. Ugyanakkor m\u00e1r e templom tekintet\u00e9ben Tyekvicsak \u00c1rp\u00e1d helyt\u00f6rt\u00e9n\u00e9sz, kutat\u00f3 sz\u00e1mtalan \u00fajabb inform\u00e1ci\u00f3val gazdag\u00edtotta az egyh\u00e1zi forr\u00e1st. M\u00e9gis, legfontosabb \u201etulajdons\u00e1ga\u201d, hogy Szent Jakabnak szentelt\u00e9k, aki csak zar\u00e1ndokutak ment\u00e9n fordul el\u0151, mint templomnak nevet ad\u00f3 szent. F\u0151k\u00e9ppen pedig az kiemelend\u0151, hogy ez a kis n\u00e9zsai templom Szent Kereszt erekly\u00e9vel is rendelkezik. Azon t\u00fal, hogy ilyen erekly\u00e9t csak a Szentf\u00f6ldre zar\u00e1ndokl\u00f3kat vigy\u00e1z\u00f3 \u00e9s fel\u00fcgyel\u0151 rendek hagytak h\u00e1tra a zar\u00e1ndok\u00fatvonalak ment\u00e9n, m\u00e9g a n\u00e9zsai vas\u00e1rnapi templombaj\u00e1r\u00e1s f\u00e9ny\u00e9t is emeli, hogy az olt\u00e1rr\u00f3l a megfesz\u00edtett J\u00e9zus Krisztus keresztf\u00e1j\u00e1nak egy darabja tekint a h\u00edvekre. H\u00e1t \u00edgy \u00e9l\u00fcnk mi, n\u00e9zsiak\u2026<\/p>\n\n\n\n<p>Az m\u00e1r csak z\u00e1r\u00f3jelben k\u00edv\u00e1nkozik ide, hogy az er\u0151s kritik\u00e1val kezelt forr\u00e1sok is azt val\u00f3sz\u00edn\u0171s\u00edtik, hogy N\u00e9zs\u00e1n egykor nemcsak templom, de monostor is lehetett. Egyes forr\u00e1sok szerint p\u00e1losok\u00e9, m\u00edg m\u00e1sok egyenesen kereszteseket emlegetnek. De ez m\u00e1r az \u00f3templom titka marad, hacsak fel nem fejtj\u00fck&#8230;<\/p>\n\n\n\n<p>Amikor ez az oldal a n\u00e9zsai \u00f3templomhoz k\u00f6t\u0151d\u0151 forr\u00e1sok \u00f6sszegy\u0171jt\u00e9s\u00e9nek c\u00e9lj\u00e1b\u00f3l l\u00e9trej\u00f6tt, az egyre szerte\u00e1gaz\u00f3bb inform\u00e1ci\u00f3k \u00faj inform\u00e1ci\u00f3k indokolt\u00e1 tett\u00e9k egy blog jelleg\u0171 men\u00fcpont l\u00e9trehoz\u00e1s\u00e1t is, ahov\u00e1 az \u00f3templomhoz csak r\u00e9szben kapcsol\u00f3d\u00f3 \u00e9rdekess\u00e9gek, N\u00e9zsa egy\u00e9b \u00e9p\u00edtett \u00e9s kultur\u00e1lis \u00f6r\u00f6ks\u00e9g\u00e9nek \u00fajabb r\u00e9szletei, egyh\u00e1zi vonatkoz\u00e1s\u00fa elemei beker\u00fclhetnek. Ennek a men\u00fcpontnak eredetileg a &#8222;<em>Kr\u00f3nik\u00e1s blogja&#8221;<\/em> volt az elnevez\u00e9se, ugyanakkor N\u00e9zs\u00e1nak m\u00e1r j\u00f3val kor\u00e1bban is volt egy online kr\u00f3nik\u00e1sa. \u00cdgy egyr\u00e9szt a men\u00fcpont elnevez\u00e9s\u00e9t indokolt volt megv\u00e1ltoztatni, m\u00e1sr\u00e9szt mindazok, akik megismerkedn\u00e9nek k\u00f6zs\u00e9g\u00fcnk mindennapjaival, j\u00f3 sz\u00edvvel tudjuk aj\u00e1nlani a <a href=\"https:\/\/nezsacity.blogspot.com\/p\/szeretem-falumat-szeretem-az-itt-elo.html\">N\u00e9zsa City blogot<\/a>, ahol B\u00f3bis P\u00e9ter (Bobe) bejegyz\u00e9sei olvashat\u00f3ak. N\u00e9zsa kultur\u00e1lis \u00e9let\u00e9hez szint\u00e9n szervesen kapcsol\u00f3dik a Mag\u00e9breszt\u0151 el\u0151ad\u00e1ssorozat, amely Szarka P\u00e9ter \u00e1ldozatos munk\u00e1j\u00e1nak k\u00f6sz\u00f6nhet\u0151. Az esem\u00e9nysorozat el\u0151ad\u00e1sai <a href=\"https:\/\/www.youtube.com\/@PeterSzarka\">a YouTube k\u00f6z\u00f6ss\u00e9gi vide\u00f3megoszt\u00f3 port\u00e1lon<\/a> tekinthet\u0151ek meg. A n\u00e9zsai szlov\u00e1ks\u00e1g esem\u00e9nyeir\u0151l a <a href=\"https:\/\/www.facebook.com\/profile.php?id=100042985375203&amp;__cft__[0]=AZV5iDOdAAApd0YyNkLuCfjXiRuxJCZIhb9aHPNiXNL1py7IG0k0MAKkaBVu25rUscFRr_rIAsOZ6180OkHBYqi0dySD5_ZmjUti1MTYTrv3LV2fZgQPhkyksJevG3XgrRvXtrJlWGIpw0dads7OEB3XADEUF04XYfJa2uTy2TCuDk11iwOPThUjS-hKtPOnG2S2ufRoD7Q7A2bmEHzfuazv&amp;__tn__=-UC%2CP-R\">N\u00e9zsai Miksz\u00e1th K\u00e1lm\u00e1n Szlov\u00e1k Nemzetis\u00e9gi \u00c1ltal\u00e1nos Iskola<\/a> Facebook-oldala tud\u00f3s\u00edt leggyakrabban, m\u00edg a helyi t\u0171zolt\u00f3egyes\u00fclet tettrek\u00e9sz csapat\u00e1nak mindennapjair\u00f3l a <a href=\"https:\/\/www.facebook.com\/nezsaote\">N\u00e9zsa \u00d6nk\u00e9ntes T\u0171zolt\u00f3 \u00e9s Polg\u00e1r\u0151r egyes\u00fclete<\/a> oldalon lehet b\u0151vebben olvasni. <\/p>\n","protected":false},"excerpt":{"rendered":"<p>N\u00e9zsa az eg\u00e9szen a Dunakanyarig lehull\u00e1mz\u00f3 Cserh\u00e1t dombos-hegyes vid\u00e9k\u00e9nek egyik jellegzetes kistelep\u00fcl\u00e9se. Ez N\u00f3gr\u00e1d-v\u00e1rmegye azon t\u00e1ja, ahol az egyik magaslatra felh\u00e1gva nem tudod meg\u00edt\u00e9lni, te vagy e \u00e9pp a legmagasabb ponton, vagy egy m\u00e1sik dombon magasabban lenn\u00e9l. De ez mindegy is, hiszen a vid\u00e9k t\u00e1gas perspekt\u00edv\u00e1ja \u00e9s a csillagos \u00e9g est\u00e9nk\u00e9nt adott. Csillag\u00e1szati megfigyel\u00e9sekre \u00e9ppen&#8230;<\/p>\n","protected":false},"author":1,"featured_media":627,"parent":0,"menu_order":0,"comment_status":"closed","ping_status":"closed","template":"","meta":{"_monsterinsights_skip_tracking":false,"_monsterinsights_sitenote_active":false,"_monsterinsights_sitenote_note":"","_monsterinsights_sitenote_category":0,"_uf_show_specific_survey":0,"_uf_disable_surveys":false,"footnotes":""},"class_list":["post-66","page","type-page","status-publish","has-post-thumbnail","hentry"],"yoast_head":"<!-- This site is optimized with the Yoast SEO plugin v26.2 - https:\/\/yoast.com\/wordpress\/plugins\/seo\/ -->\n<title>Kik vagyunk mi, n\u00e9zsaiak? - A n\u00e9zsai \u00f3templom Hist\u00f3ri\u00e1ja<\/title>\n<meta name=\"robots\" content=\"index, follow, max-snippet:-1, max-image-preview:large, max-video-preview:-1\" \/>\n<link rel=\"canonical\" href=\"https:\/\/nezsaiotemplom.hu\/index.php\/kik-vagyunk-mi-nezsaiak-2\/\" \/>\n<meta property=\"og:locale\" content=\"hu_HU\" \/>\n<meta property=\"og:type\" content=\"article\" \/>\n<meta property=\"og:title\" content=\"Kik vagyunk mi, n\u00e9zsaiak? - A n\u00e9zsai \u00f3templom Hist\u00f3ri\u00e1ja\" \/>\n<meta property=\"og:description\" content=\"N\u00e9zsa az eg\u00e9szen a Dunakanyarig lehull\u00e1mz\u00f3 Cserh\u00e1t dombos-hegyes vid\u00e9k\u00e9nek egyik jellegzetes kistelep\u00fcl\u00e9se. Ez N\u00f3gr\u00e1d-v\u00e1rmegye azon t\u00e1ja, ahol az egyik magaslatra felh\u00e1gva nem tudod meg\u00edt\u00e9lni, te vagy e \u00e9pp a legmagasabb ponton, vagy egy m\u00e1sik dombon magasabban lenn\u00e9l. De ez mindegy is, hiszen a vid\u00e9k t\u00e1gas perspekt\u00edv\u00e1ja \u00e9s a csillagos \u00e9g est\u00e9nk\u00e9nt adott. Csillag\u00e1szati megfigyel\u00e9sekre \u00e9ppen...\" \/>\n<meta property=\"og:url\" content=\"https:\/\/nezsaiotemplom.hu\/index.php\/kik-vagyunk-mi-nezsaiak-2\/\" \/>\n<meta property=\"og:site_name\" content=\"A n\u00e9zsai \u00f3templom Hist\u00f3ri\u00e1ja\" \/>\n<meta property=\"article:modified_time\" content=\"2025-04-25T16:54:45+00:00\" \/>\n<meta property=\"og:image\" content=\"https:\/\/nezsaiotemplom.hu\/wp-content\/uploads\/2024\/06\/szarkap2.jpg\" \/>\n\t<meta property=\"og:image:width\" content=\"700\" \/>\n\t<meta property=\"og:image:height\" content=\"466\" \/>\n\t<meta property=\"og:image:type\" content=\"image\/jpeg\" \/>\n<meta name=\"twitter:card\" content=\"summary_large_image\" \/>\n<meta name=\"twitter:label1\" content=\"Becs\u00fclt olvas\u00e1si id\u0151\" \/>\n\t<meta name=\"twitter:data1\" content=\"10 perc\" \/>\n<script type=\"application\/ld+json\" class=\"yoast-schema-graph\">{\"@context\":\"https:\/\/schema.org\",\"@graph\":[{\"@type\":\"WebPage\",\"@id\":\"https:\/\/nezsaiotemplom.hu\/index.php\/kik-vagyunk-mi-nezsaiak-2\/\",\"url\":\"https:\/\/nezsaiotemplom.hu\/index.php\/kik-vagyunk-mi-nezsaiak-2\/\",\"name\":\"Kik vagyunk mi, n\u00e9zsaiak? - A n\u00e9zsai \u00f3templom Hist\u00f3ri\u00e1ja\",\"isPartOf\":{\"@id\":\"https:\/\/nezsaiotemplom.hu\/#website\"},\"primaryImageOfPage\":{\"@id\":\"https:\/\/nezsaiotemplom.hu\/index.php\/kik-vagyunk-mi-nezsaiak-2\/#primaryimage\"},\"image\":{\"@id\":\"https:\/\/nezsaiotemplom.hu\/index.php\/kik-vagyunk-mi-nezsaiak-2\/#primaryimage\"},\"thumbnailUrl\":\"https:\/\/nezsaiotemplom.hu\/wp-content\/uploads\/2024\/06\/szarkap2.jpg\",\"datePublished\":\"2023-09-04T11:13:04+00:00\",\"dateModified\":\"2025-04-25T16:54:45+00:00\",\"breadcrumb\":{\"@id\":\"https:\/\/nezsaiotemplom.hu\/index.php\/kik-vagyunk-mi-nezsaiak-2\/#breadcrumb\"},\"inLanguage\":\"hu\",\"potentialAction\":[{\"@type\":\"ReadAction\",\"target\":[\"https:\/\/nezsaiotemplom.hu\/index.php\/kik-vagyunk-mi-nezsaiak-2\/\"]}]},{\"@type\":\"ImageObject\",\"inLanguage\":\"hu\",\"@id\":\"https:\/\/nezsaiotemplom.hu\/index.php\/kik-vagyunk-mi-nezsaiak-2\/#primaryimage\",\"url\":\"https:\/\/nezsaiotemplom.hu\/wp-content\/uploads\/2024\/06\/szarkap2.jpg\",\"contentUrl\":\"https:\/\/nezsaiotemplom.hu\/wp-content\/uploads\/2024\/06\/szarkap2.jpg\",\"width\":700,\"height\":466},{\"@type\":\"BreadcrumbList\",\"@id\":\"https:\/\/nezsaiotemplom.hu\/index.php\/kik-vagyunk-mi-nezsaiak-2\/#breadcrumb\",\"itemListElement\":[{\"@type\":\"ListItem\",\"position\":1,\"name\":\"Kezd\u0151lap\",\"item\":\"https:\/\/nezsaiotemplom.hu\/\"},{\"@type\":\"ListItem\",\"position\":2,\"name\":\"Kik vagyunk mi, n\u00e9zsaiak?\"}]},{\"@type\":\"WebSite\",\"@id\":\"https:\/\/nezsaiotemplom.hu\/#website\",\"url\":\"https:\/\/nezsaiotemplom.hu\/\",\"name\":\"A n\u00e9zsai \u00f3templom Hist\u00f3ri\u00e1ja\",\"description\":\"\",\"potentialAction\":[{\"@type\":\"SearchAction\",\"target\":{\"@type\":\"EntryPoint\",\"urlTemplate\":\"https:\/\/nezsaiotemplom.hu\/?s={search_term_string}\"},\"query-input\":{\"@type\":\"PropertyValueSpecification\",\"valueRequired\":true,\"valueName\":\"search_term_string\"}}],\"inLanguage\":\"hu\"}]}<\/script>\n<!-- \/ Yoast SEO plugin. -->","yoast_head_json":{"title":"Kik vagyunk mi, n\u00e9zsaiak? - A n\u00e9zsai \u00f3templom Hist\u00f3ri\u00e1ja","robots":{"index":"index","follow":"follow","max-snippet":"max-snippet:-1","max-image-preview":"max-image-preview:large","max-video-preview":"max-video-preview:-1"},"canonical":"https:\/\/nezsaiotemplom.hu\/index.php\/kik-vagyunk-mi-nezsaiak-2\/","og_locale":"hu_HU","og_type":"article","og_title":"Kik vagyunk mi, n\u00e9zsaiak? - A n\u00e9zsai \u00f3templom Hist\u00f3ri\u00e1ja","og_description":"N\u00e9zsa az eg\u00e9szen a Dunakanyarig lehull\u00e1mz\u00f3 Cserh\u00e1t dombos-hegyes vid\u00e9k\u00e9nek egyik jellegzetes kistelep\u00fcl\u00e9se. Ez N\u00f3gr\u00e1d-v\u00e1rmegye azon t\u00e1ja, ahol az egyik magaslatra felh\u00e1gva nem tudod meg\u00edt\u00e9lni, te vagy e \u00e9pp a legmagasabb ponton, vagy egy m\u00e1sik dombon magasabban lenn\u00e9l. De ez mindegy is, hiszen a vid\u00e9k t\u00e1gas perspekt\u00edv\u00e1ja \u00e9s a csillagos \u00e9g est\u00e9nk\u00e9nt adott. Csillag\u00e1szati megfigyel\u00e9sekre \u00e9ppen...","og_url":"https:\/\/nezsaiotemplom.hu\/index.php\/kik-vagyunk-mi-nezsaiak-2\/","og_site_name":"A n\u00e9zsai \u00f3templom Hist\u00f3ri\u00e1ja","article_modified_time":"2025-04-25T16:54:45+00:00","og_image":[{"width":700,"height":466,"url":"https:\/\/nezsaiotemplom.hu\/wp-content\/uploads\/2024\/06\/szarkap2.jpg","type":"image\/jpeg"}],"twitter_card":"summary_large_image","twitter_misc":{"Becs\u00fclt olvas\u00e1si id\u0151":"10 perc"},"schema":{"@context":"https:\/\/schema.org","@graph":[{"@type":"WebPage","@id":"https:\/\/nezsaiotemplom.hu\/index.php\/kik-vagyunk-mi-nezsaiak-2\/","url":"https:\/\/nezsaiotemplom.hu\/index.php\/kik-vagyunk-mi-nezsaiak-2\/","name":"Kik vagyunk mi, n\u00e9zsaiak? - A n\u00e9zsai \u00f3templom Hist\u00f3ri\u00e1ja","isPartOf":{"@id":"https:\/\/nezsaiotemplom.hu\/#website"},"primaryImageOfPage":{"@id":"https:\/\/nezsaiotemplom.hu\/index.php\/kik-vagyunk-mi-nezsaiak-2\/#primaryimage"},"image":{"@id":"https:\/\/nezsaiotemplom.hu\/index.php\/kik-vagyunk-mi-nezsaiak-2\/#primaryimage"},"thumbnailUrl":"https:\/\/nezsaiotemplom.hu\/wp-content\/uploads\/2024\/06\/szarkap2.jpg","datePublished":"2023-09-04T11:13:04+00:00","dateModified":"2025-04-25T16:54:45+00:00","breadcrumb":{"@id":"https:\/\/nezsaiotemplom.hu\/index.php\/kik-vagyunk-mi-nezsaiak-2\/#breadcrumb"},"inLanguage":"hu","potentialAction":[{"@type":"ReadAction","target":["https:\/\/nezsaiotemplom.hu\/index.php\/kik-vagyunk-mi-nezsaiak-2\/"]}]},{"@type":"ImageObject","inLanguage":"hu","@id":"https:\/\/nezsaiotemplom.hu\/index.php\/kik-vagyunk-mi-nezsaiak-2\/#primaryimage","url":"https:\/\/nezsaiotemplom.hu\/wp-content\/uploads\/2024\/06\/szarkap2.jpg","contentUrl":"https:\/\/nezsaiotemplom.hu\/wp-content\/uploads\/2024\/06\/szarkap2.jpg","width":700,"height":466},{"@type":"BreadcrumbList","@id":"https:\/\/nezsaiotemplom.hu\/index.php\/kik-vagyunk-mi-nezsaiak-2\/#breadcrumb","itemListElement":[{"@type":"ListItem","position":1,"name":"Kezd\u0151lap","item":"https:\/\/nezsaiotemplom.hu\/"},{"@type":"ListItem","position":2,"name":"Kik vagyunk mi, n\u00e9zsaiak?"}]},{"@type":"WebSite","@id":"https:\/\/nezsaiotemplom.hu\/#website","url":"https:\/\/nezsaiotemplom.hu\/","name":"A n\u00e9zsai \u00f3templom Hist\u00f3ri\u00e1ja","description":"","potentialAction":[{"@type":"SearchAction","target":{"@type":"EntryPoint","urlTemplate":"https:\/\/nezsaiotemplom.hu\/?s={search_term_string}"},"query-input":{"@type":"PropertyValueSpecification","valueRequired":true,"valueName":"search_term_string"}}],"inLanguage":"hu"}]}},"_links":{"self":[{"href":"https:\/\/nezsaiotemplom.hu\/index.php\/wp-json\/wp\/v2\/pages\/66","targetHints":{"allow":["GET"]}}],"collection":[{"href":"https:\/\/nezsaiotemplom.hu\/index.php\/wp-json\/wp\/v2\/pages"}],"about":[{"href":"https:\/\/nezsaiotemplom.hu\/index.php\/wp-json\/wp\/v2\/types\/page"}],"author":[{"embeddable":true,"href":"https:\/\/nezsaiotemplom.hu\/index.php\/wp-json\/wp\/v2\/users\/1"}],"replies":[{"embeddable":true,"href":"https:\/\/nezsaiotemplom.hu\/index.php\/wp-json\/wp\/v2\/comments?post=66"}],"version-history":[{"count":5,"href":"https:\/\/nezsaiotemplom.hu\/index.php\/wp-json\/wp\/v2\/pages\/66\/revisions"}],"predecessor-version":[{"id":667,"href":"https:\/\/nezsaiotemplom.hu\/index.php\/wp-json\/wp\/v2\/pages\/66\/revisions\/667"}],"wp:featuredmedia":[{"embeddable":true,"href":"https:\/\/nezsaiotemplom.hu\/index.php\/wp-json\/wp\/v2\/media\/627"}],"wp:attachment":[{"href":"https:\/\/nezsaiotemplom.hu\/index.php\/wp-json\/wp\/v2\/media?parent=66"}],"curies":[{"name":"wp","href":"https:\/\/api.w.org\/{rel}","templated":true}]}}