{"id":794,"date":"2025-07-11T20:04:52","date_gmt":"2025-07-11T20:04:52","guid":{"rendered":"https:\/\/nezsaiotemplom.hu\/?page_id=794"},"modified":"2025-07-11T20:04:53","modified_gmt":"2025-07-11T20:04:53","slug":"marosfelfalu-suseni-pranzdorf-oberdorf-ro","status":"publish","type":"page","link":"https:\/\/nezsaiotemplom.hu\/index.php\/marosfelfalu-suseni-pranzdorf-oberdorf-ro\/","title":{"rendered":"Marosfelfalu &#8211; Suseni, Pr\u00e4nzdorf, Oberdorf (RO)"},"content":{"rendered":"","protected":false},"excerpt":{"rendered":"","protected":false},"author":1,"featured_media":0,"parent":0,"menu_order":0,"comment_status":"closed","ping_status":"closed","template":"","meta":{"_monsterinsights_skip_tracking":false,"_monsterinsights_sitenote_active":false,"_monsterinsights_sitenote_note":"","_monsterinsights_sitenote_category":0,"_uf_show_specific_survey":0,"_uf_disable_surveys":false,"footnotes":""},"class_list":["post-794","page","type-page","status-publish","hentry"],"yoast_head":"<!-- This site is optimized with the Yoast SEO plugin v26.2 - https:\/\/yoast.com\/wordpress\/plugins\/seo\/ -->\n<title>Marosfelfalu - Suseni, Pr\u00e4nzdorf, Oberdorf (RO) - A n\u00e9zsai \u00f3templom Hist\u00f3ri\u00e1ja<\/title>\n<meta name=\"robots\" content=\"index, follow, max-snippet:-1, max-image-preview:large, max-video-preview:-1\" \/>\n<link rel=\"canonical\" href=\"https:\/\/nezsaiotemplom.hu\/index.php\/marosfelfalu-suseni-pranzdorf-oberdorf-ro\/\" \/>\n<meta property=\"og:locale\" content=\"hu_HU\" \/>\n<meta property=\"og:type\" content=\"article\" \/>\n<meta property=\"og:title\" content=\"Marosfelfalu - Suseni, Pr\u00e4nzdorf, Oberdorf (RO) - A n\u00e9zsai \u00f3templom Hist\u00f3ri\u00e1ja\" \/>\n<meta property=\"og:url\" content=\"https:\/\/nezsaiotemplom.hu\/index.php\/marosfelfalu-suseni-pranzdorf-oberdorf-ro\/\" \/>\n<meta property=\"og:site_name\" content=\"A n\u00e9zsai \u00f3templom Hist\u00f3ri\u00e1ja\" \/>\n<meta property=\"article:modified_time\" content=\"2025-07-11T20:04:53+00:00\" \/>\n<meta name=\"twitter:card\" content=\"summary_large_image\" \/>\n<script type=\"application\/ld+json\" class=\"yoast-schema-graph\">{\"@context\":\"https:\/\/schema.org\",\"@graph\":[{\"@type\":\"WebPage\",\"@id\":\"https:\/\/nezsaiotemplom.hu\/index.php\/marosfelfalu-suseni-pranzdorf-oberdorf-ro\/\",\"url\":\"https:\/\/nezsaiotemplom.hu\/index.php\/marosfelfalu-suseni-pranzdorf-oberdorf-ro\/\",\"name\":\"Marosfelfalu - Suseni, Pr\u00e4nzdorf, Oberdorf (RO) - A n\u00e9zsai \u00f3templom Hist\u00f3ri\u00e1ja\",\"isPartOf\":{\"@id\":\"https:\/\/nezsaiotemplom.hu\/#website\"},\"datePublished\":\"2025-07-11T20:04:52+00:00\",\"dateModified\":\"2025-07-11T20:04:53+00:00\",\"breadcrumb\":{\"@id\":\"https:\/\/nezsaiotemplom.hu\/index.php\/marosfelfalu-suseni-pranzdorf-oberdorf-ro\/#breadcrumb\"},\"inLanguage\":\"hu\",\"potentialAction\":[{\"@type\":\"ReadAction\",\"target\":[\"https:\/\/nezsaiotemplom.hu\/index.php\/marosfelfalu-suseni-pranzdorf-oberdorf-ro\/\"]}]},{\"@type\":\"BreadcrumbList\",\"@id\":\"https:\/\/nezsaiotemplom.hu\/index.php\/marosfelfalu-suseni-pranzdorf-oberdorf-ro\/#breadcrumb\",\"itemListElement\":[{\"@type\":\"ListItem\",\"position\":1,\"name\":\"Kezd\u0151lap\",\"item\":\"https:\/\/nezsaiotemplom.hu\/\"},{\"@type\":\"ListItem\",\"position\":2,\"name\":\"Marosfelfalu &#8211; Suseni, Pr\u00e4nzdorf, Oberdorf (RO)\"}]},{\"@type\":\"WebSite\",\"@id\":\"https:\/\/nezsaiotemplom.hu\/#website\",\"url\":\"https:\/\/nezsaiotemplom.hu\/\",\"name\":\"A n\u00e9zsai \u00f3templom Hist\u00f3ri\u00e1ja\",\"description\":\"\",\"potentialAction\":[{\"@type\":\"SearchAction\",\"target\":{\"@type\":\"EntryPoint\",\"urlTemplate\":\"https:\/\/nezsaiotemplom.hu\/?s={search_term_string}\"},\"query-input\":{\"@type\":\"PropertyValueSpecification\",\"valueRequired\":true,\"valueName\":\"search_term_string\"}}],\"inLanguage\":\"hu\"}]}<\/script>\n<!-- \/ Yoast SEO plugin. -->","yoast_head_json":{"title":"Marosfelfalu - Suseni, Pr\u00e4nzdorf, Oberdorf (RO) - A n\u00e9zsai \u00f3templom Hist\u00f3ri\u00e1ja","robots":{"index":"index","follow":"follow","max-snippet":"max-snippet:-1","max-image-preview":"max-image-preview:large","max-video-preview":"max-video-preview:-1"},"canonical":"https:\/\/nezsaiotemplom.hu\/index.php\/marosfelfalu-suseni-pranzdorf-oberdorf-ro\/","og_locale":"hu_HU","og_type":"article","og_title":"Marosfelfalu - Suseni, Pr\u00e4nzdorf, Oberdorf (RO) - A n\u00e9zsai \u00f3templom Hist\u00f3ri\u00e1ja","og_url":"https:\/\/nezsaiotemplom.hu\/index.php\/marosfelfalu-suseni-pranzdorf-oberdorf-ro\/","og_site_name":"A n\u00e9zsai \u00f3templom Hist\u00f3ri\u00e1ja","article_modified_time":"2025-07-11T20:04:53+00:00","twitter_card":"summary_large_image","schema":{"@context":"https:\/\/schema.org","@graph":[{"@type":"WebPage","@id":"https:\/\/nezsaiotemplom.hu\/index.php\/marosfelfalu-suseni-pranzdorf-oberdorf-ro\/","url":"https:\/\/nezsaiotemplom.hu\/index.php\/marosfelfalu-suseni-pranzdorf-oberdorf-ro\/","name":"Marosfelfalu - Suseni, Pr\u00e4nzdorf, Oberdorf (RO) - A n\u00e9zsai \u00f3templom Hist\u00f3ri\u00e1ja","isPartOf":{"@id":"https:\/\/nezsaiotemplom.hu\/#website"},"datePublished":"2025-07-11T20:04:52+00:00","dateModified":"2025-07-11T20:04:53+00:00","breadcrumb":{"@id":"https:\/\/nezsaiotemplom.hu\/index.php\/marosfelfalu-suseni-pranzdorf-oberdorf-ro\/#breadcrumb"},"inLanguage":"hu","potentialAction":[{"@type":"ReadAction","target":["https:\/\/nezsaiotemplom.hu\/index.php\/marosfelfalu-suseni-pranzdorf-oberdorf-ro\/"]}]},{"@type":"BreadcrumbList","@id":"https:\/\/nezsaiotemplom.hu\/index.php\/marosfelfalu-suseni-pranzdorf-oberdorf-ro\/#breadcrumb","itemListElement":[{"@type":"ListItem","position":1,"name":"Kezd\u0151lap","item":"https:\/\/nezsaiotemplom.hu\/"},{"@type":"ListItem","position":2,"name":"Marosfelfalu &#8211; Suseni, Pr\u00e4nzdorf, Oberdorf (RO)"}]},{"@type":"WebSite","@id":"https:\/\/nezsaiotemplom.hu\/#website","url":"https:\/\/nezsaiotemplom.hu\/","name":"A n\u00e9zsai \u00f3templom Hist\u00f3ri\u00e1ja","description":"","potentialAction":[{"@type":"SearchAction","target":{"@type":"EntryPoint","urlTemplate":"https:\/\/nezsaiotemplom.hu\/?s={search_term_string}"},"query-input":{"@type":"PropertyValueSpecification","valueRequired":true,"valueName":"search_term_string"}}],"inLanguage":"hu"}]}},"_links":{"self":[{"href":"https:\/\/nezsaiotemplom.hu\/index.php\/wp-json\/wp\/v2\/pages\/794","targetHints":{"allow":["GET"]}}],"collection":[{"href":"https:\/\/nezsaiotemplom.hu\/index.php\/wp-json\/wp\/v2\/pages"}],"about":[{"href":"https:\/\/nezsaiotemplom.hu\/index.php\/wp-json\/wp\/v2\/types\/page"}],"author":[{"embeddable":true,"href":"https:\/\/nezsaiotemplom.hu\/index.php\/wp-json\/wp\/v2\/users\/1"}],"replies":[{"embeddable":true,"href":"https:\/\/nezsaiotemplom.hu\/index.php\/wp-json\/wp\/v2\/comments?post=794"}],"version-history":[{"count":1,"href":"https:\/\/nezsaiotemplom.hu\/index.php\/wp-json\/wp\/v2\/pages\/794\/revisions"}],"predecessor-version":[{"id":795,"href":"https:\/\/nezsaiotemplom.hu\/index.php\/wp-json\/wp\/v2\/pages\/794\/revisions\/795"}],"wp:attachment":[{"href":"https:\/\/nezsaiotemplom.hu\/index.php\/wp-json\/wp\/v2\/media?parent=794"}],"curies":[{"name":"wp","href":"https:\/\/api.w.org\/{rel}","templated":true}]}}